{"id":25,"date":"2020-02-23T22:02:09","date_gmt":"2020-02-23T22:02:09","guid":{"rendered":"http:\/\/www.aprilsoft.cz\/?page_id=25"},"modified":"2020-03-28T22:02:36","modified_gmt":"2020-03-28T21:02:36","slug":"sluzby","status":"publish","type":"page","link":"https:\/\/www.aprilsoft.cz\/?page_id=25","title":{"rendered":"Slu\u017eby"},"content":{"rendered":"\n<p><strong>Office 365<\/strong><\/p>\n\n\n\n<p><img loading=\"lazy\" width=\"975\" height=\"231\" class=\"wp-image-104\" style=\"width: 150px;\" src=\"http:\/\/www.aprilsoft.cz\/wp-content\/uploads\/2020\/03\/Logo-Office_365-e1585082205326.png\" alt=\"\" srcset=\"https:\/\/www.aprilsoft.cz\/wp-content\/uploads\/2020\/03\/Logo-Office_365-e1585082205326.png 975w, https:\/\/www.aprilsoft.cz\/wp-content\/uploads\/2020\/03\/Logo-Office_365-e1585082205326-300x71.png 300w, https:\/\/www.aprilsoft.cz\/wp-content\/uploads\/2020\/03\/Logo-Office_365-e1585082205326-768x182.png 768w\" sizes=\"(max-width: 709px) 85vw, (max-width: 909px) 67vw, (max-width: 1362px) 62vw, 840px\" \/><\/p>\n\n\n\n<p><em>Microsoft<\/em> <em>Office 365 je integrovan\u00e9 prost\u0159ed\u00ed s aplikacemi a slu\u017ebami, kter\u00e9 v\u00e1m umo\u017en\u00ed v\u011bnovat se tomu, co v\u00e1s bav\u00ed, a pom\u016f\u017ee v\u00e1m rozv\u00edjet va\u0161i firmu. Z\u00edskejte aplikace, jako je Word, Excel, PowerPoint a dal\u0161\u00ed, kter\u00e9 se ka\u017ed\u00fd m\u011bs\u00edc aktualizuj\u00ed, aby obsahovaly nejnov\u011bj\u0161\u00ed funkce a aktualizace zabezpe\u010den\u00ed. Pou\u017e\u00edvejte cloudov\u00fd e-mail, abyste mohli b\u00fdt v kontaktu se z\u00e1kazn\u00edky a kolegy, a\u0165 pracujete odkudkoli. <\/em> <\/p>\n\n\n\n<p><strong>Dynamics 365 (CRM)<\/strong><br><br><img loading=\"lazy\" width=\"300\" height=\"133\" class=\"wp-image-114\" style=\"width: 150px;\" src=\"http:\/\/www.aprilsoft.cz\/wp-content\/uploads\/2020\/03\/dynamics-365-logo-300x133-1.png\" alt=\"\"><br><br><em>Microsoft Dynamics 365 je p\u0159edplatn\u00e9 obchodn\u00edch cloudov\u00fdch  slu\u017eeb od spole\u010dnosti Microsoft, kter\u00e9 nahrazuj\u00ed slu\u017ebu Microsoft CRM  Online a Microsoft Navision. CRM v Dynamics 365 pou\u017e\u00edvaj\u00ed firmy, aby si udr\u017eely p\u0159ehled o tom, jak  komunikuj\u00ed se sv\u00fdmi z\u00e1kazn\u00edky. Mohou nap\u0159\u00edklad sledovat odeslan\u00e9  e-maily, telefon\u00e1ty, prob\u011bhl\u00e9 sch\u016fzky, otev\u0159en\u00e9 a uzav\u0159en\u00e9 obchodn\u00ed  p\u0159\u00edle\u017eitosti a jim n\u00e1vazn\u00e9 komunikace. Zp\u011btn\u011b tak lze dohledat kdy a kdo  poslal jak\u00fd e-mail a dal\u0161\u00ed. CRM tak\u00e9 umo\u017e\u0148uje zas\u00edlat hromadn\u00e9  e-mailov\u00e9 kampan\u011b, nebo nap\u0159\u00edklad \u0159e\u0161it z\u00e1kaznick\u00fd servis. <\/em> <br><br><strong>Power Apps<\/strong><br><br><img loading=\"lazy\" width=\"440\" height=\"180\" class=\"wp-image-105\" style=\"width: 150px;\" src=\"http:\/\/www.aprilsoft.cz\/wp-content\/uploads\/2020\/03\/microsoft-powerapps-logo-1_orig.png\" alt=\"\" srcset=\"https:\/\/www.aprilsoft.cz\/wp-content\/uploads\/2020\/03\/microsoft-powerapps-logo-1_orig.png 440w, https:\/\/www.aprilsoft.cz\/wp-content\/uploads\/2020\/03\/microsoft-powerapps-logo-1_orig-300x123.png 300w\" sizes=\"(max-width: 440px) 85vw, 440px\" \/><br><br><em>Power Apps je sada aplikac\u00ed, slu\u017eeb,  konektor\u016f a datov\u00fdch platforem, kter\u00e1 poskytuje prost\u0159ed\u00ed pro rychl\u00fd  v\u00fdvoj aplikac\u00ed, s jeho\u017e pomoc\u00ed m\u016f\u017eete vytv\u00e1\u0159et vlastn\u00ed aplikace pro sv\u00e9  obchodn\u00ed pot\u0159eby. Pomoc\u00ed Power Apps m\u016f\u017eete rychle vytv\u00e1\u0159et vlastn\u00ed obchodn\u00ed aplikace, kter\u00e9 se p\u0159ipojuj\u00ed k va\u0161im obchodn\u00edm dat\u016fm ulo\u017een\u00fdm bu\u010f v podkladov\u00e9 datov\u00e9 platform\u011b (<a href=\"https:\/\/docs.microsoft.com\/cs-cz\/powerapps\/maker\/common-data-service\/data-platform-intro\">Common Data Service<\/a>), nebo v r\u016fzn\u00fdch online a m\u00edstn\u00edch zdroj\u00edch dat (SharePoint, Excel, Office 365, Dynamics 365, SQL Server atd.). <\/em><br><br><strong>Power Automate<\/strong><br><br><img loading=\"lazy\" width=\"1500\" height=\"320\" class=\"wp-image-115\" style=\"width: 150px;\" src=\"http:\/\/www.aprilsoft.cz\/wp-content\/uploads\/2020\/03\/PowerAutomateLogo.png\" alt=\"\" srcset=\"https:\/\/www.aprilsoft.cz\/wp-content\/uploads\/2020\/03\/PowerAutomateLogo.png 1500w, https:\/\/www.aprilsoft.cz\/wp-content\/uploads\/2020\/03\/PowerAutomateLogo-300x64.png 300w, https:\/\/www.aprilsoft.cz\/wp-content\/uploads\/2020\/03\/PowerAutomateLogo-1024x218.png 1024w, https:\/\/www.aprilsoft.cz\/wp-content\/uploads\/2020\/03\/PowerAutomateLogo-768x164.png 768w, https:\/\/www.aprilsoft.cz\/wp-content\/uploads\/2020\/03\/PowerAutomateLogo-1200x256.png 1200w\" sizes=\"(max-width: 709px) 85vw, (max-width: 909px) 67vw, (max-width: 1362px) 62vw, 840px\" \/><br><br><em>Power Automate je n\u00e1stroj, kter\u00fdm lze vz\u00e1jemn\u011b propojit r\u016fzn\u00e9 aplikace, a  nap\u0159. akc\u00ed v jedn\u00e9 aplikaci vyvolat akci v jin\u00e9 aplikaci. Integrovat  lze snadno nap\u0159. Excel na sd\u00edlen\u00fdch \u00falo\u017ei\u0161t\u00edch, Google Spreadsheet,  Outlook, SharePoint, Twitter a dal\u0161\u00ed. <\/em><br><br><strong>Power BI<\/strong><br><br><img loading=\"lazy\" width=\"900\" height=\"500\" class=\"wp-image-108\" style=\"width: 150px;\" src=\"http:\/\/www.aprilsoft.cz\/wp-content\/uploads\/2020\/03\/power-bi-vector-logo.png\" alt=\"\" srcset=\"https:\/\/www.aprilsoft.cz\/wp-content\/uploads\/2020\/03\/power-bi-vector-logo.png 900w, https:\/\/www.aprilsoft.cz\/wp-content\/uploads\/2020\/03\/power-bi-vector-logo-300x167.png 300w, https:\/\/www.aprilsoft.cz\/wp-content\/uploads\/2020\/03\/power-bi-vector-logo-768x427.png 768w\" sizes=\"(max-width: 709px) 85vw, (max-width: 909px) 67vw, (max-width: 1362px) 62vw, 840px\" \/><br><br><em>Power BI je \u0159e\u0161en\u00ed pro obchodn\u00ed anal\u00fdzy, kter\u00e9 umo\u017e\u0148uje vizualizovat  data a sd\u00edlet poznatky v r\u00e1mci cel\u00e9 organizace nebo je vlo\u017eit do  aplikace nebo na web. Vyu\u017eijte mo\u017enosti p\u0159ipojit se ke stovk\u00e1m zdroj\u016f  dat a vdechnout va\u0161im dat\u016fm \u017eivot pomoc\u00ed \u017eiv\u00fdch \u0159\u00eddic\u00edch panel\u016f a  sestav. <\/em><br><br><strong>Power Virtual Agents<\/strong><br><br><img loading=\"lazy\" width=\"331\" height=\"198\" class=\"wp-image-109\" style=\"width: 150px;\" src=\"http:\/\/www.aprilsoft.cz\/wp-content\/uploads\/2020\/03\/PowerVirtualAgents-icon-e1585082691730.png\" alt=\"\" srcset=\"https:\/\/www.aprilsoft.cz\/wp-content\/uploads\/2020\/03\/PowerVirtualAgents-icon-e1585082691730.png 331w, https:\/\/www.aprilsoft.cz\/wp-content\/uploads\/2020\/03\/PowerVirtualAgents-icon-e1585082691730-300x179.png 300w\" sizes=\"(max-width: 331px) 85vw, 331px\" \/><br><br><em>Power Virtual Agents je nab\u00eddka softwaru jako slu\u017eba (SaaS). To v\u00e1m umo\u017en\u00ed snadno se zaregistrovat, vytvo\u0159it si bota a vlo\u017eit jej na sv\u016fj web pomoc\u00ed n\u011bkolika kliknut\u00ed. Neexistuje \u017e\u00e1dn\u00e1 infrastruktura pro \u00fadr\u017ebu ani slo\u017eit\u00e9 syst\u00e9my pro nasazen\u00ed. Posiln\u011bte sv\u00e9 odborn\u00edky na p\u0159edm\u011bt.<\/em><br><strong><br>SharePoint Online <\/strong><br><br><img loading=\"lazy\" width=\"516\" height=\"211\" class=\"wp-image-110\" style=\"width: 150px;\" src=\"http:\/\/www.aprilsoft.cz\/wp-content\/uploads\/2020\/03\/SharePoint-Online-Logo-e1585082764650.png\" alt=\"\" srcset=\"https:\/\/www.aprilsoft.cz\/wp-content\/uploads\/2020\/03\/SharePoint-Online-Logo-e1585082764650.png 516w, https:\/\/www.aprilsoft.cz\/wp-content\/uploads\/2020\/03\/SharePoint-Online-Logo-e1585082764650-300x123.png 300w\" sizes=\"(max-width: 516px) 85vw, 516px\" \/><br><br><em>Microsoft SharePoint Online je cloudov\u00e1 slu\u017eba\u00a0pro podniky v\u0161ech  velikost\u00ed. Sharepoint p\u0159edstavuje intern\u00ed strukturovan\u00e9 \u00falo\u017ei\u0161t\u011b dat a  informac\u00ed. Struktura je zalo\u017eena na tzv. Webech, kter\u00e9 obsahuj\u00ed  dokumentov\u00e9 knihovny, tabulky, formul\u00e1\u0159e, seznamy, workflow a dal\u0161\u00ed.  Sharepoint firmy vyu\u017e\u00edvaj\u00ed jako bezpe\u010dn\u00e9 \u00falo\u017ei\u0161t\u011b firemn\u00edch dat  pro jednotliv\u00e9 odd\u011blen\u00ed, nebo jako firemn\u00ed intranet. Na Sharepointu tak  mohou zam\u011bstnanci nap\u0159\u00edklad \u017e\u00e1dat o dovolen\u00e9, nebo ukl\u00e1dat podkladov\u00e1  data pro firemn\u00ed projekty. <\/em>  <\/p>\n\n\n\n<p><strong>Teams<\/strong> <br><br><img loading=\"lazy\" width=\"600\" height=\"200\" class=\"wp-image-106\" style=\"width: 150px;\" src=\"http:\/\/www.aprilsoft.cz\/wp-content\/uploads\/2020\/03\/Microsoft-Teams-Logo1.png\" alt=\"\" srcset=\"https:\/\/www.aprilsoft.cz\/wp-content\/uploads\/2020\/03\/Microsoft-Teams-Logo1.png 600w, https:\/\/www.aprilsoft.cz\/wp-content\/uploads\/2020\/03\/Microsoft-Teams-Logo1-300x100.png 300w\" sizes=\"(max-width: 600px) 85vw, 600px\" \/><br><br><em>Microsoft Teams je firemn\u00ed platforma, kter\u00e1 umo\u017e\u0148uje textovou komunikaci, video hovory, datov\u00e9 \u00falo\u017ei\u0161t\u011b pro ukl\u00e1d\u00e1n\u00ed soubor\u016f a integraci dal\u0161\u00edch aplikac\u00ed do tohoto prost\u0159ed\u00ed. Slu\u017eba je integrov\u00e1na v p\u0159edplatn\u00e9m Office 365. Platforma tak\u00e9 umo\u017e\u0148uje integrovat produkty jin\u00fdch spole\u010dnost\u00ed.<\/em> <\/p>\n","protected":false},"excerpt":{"rendered":"<p>Office 365 Microsoft Office 365 je integrovan\u00e9 prost\u0159ed\u00ed s aplikacemi a slu\u017ebami, kter\u00e9 v\u00e1m umo\u017en\u00ed v\u011bnovat se tomu, co v\u00e1s bav\u00ed, a pom\u016f\u017ee v\u00e1m rozv\u00edjet va\u0161i firmu. Z\u00edskejte aplikace, jako je Word, Excel, PowerPoint a dal\u0161\u00ed, kter\u00e9 se ka\u017ed\u00fd m\u011bs\u00edc aktualizuj\u00ed, aby obsahovaly nejnov\u011bj\u0161\u00ed funkce a aktualizace zabezpe\u010den\u00ed. Pou\u017e\u00edvejte cloudov\u00fd e-mail, abyste mohli b\u00fdt v &hellip; <a href=\"https:\/\/www.aprilsoft.cz\/?page_id=25\" class=\"more-link\">Pokra\u010dovat ve \u010dten\u00ed<span class=\"screen-reader-text\"> &#8222;Slu\u017eby&#8220;<\/span><\/a><\/p>\n","protected":false},"author":1,"featured_media":0,"parent":0,"menu_order":0,"comment_status":"closed","ping_status":"closed","template":"","meta":[],"_links":{"self":[{"href":"https:\/\/www.aprilsoft.cz\/index.php?rest_route=\/wp\/v2\/pages\/25"}],"collection":[{"href":"https:\/\/www.aprilsoft.cz\/index.php?rest_route=\/wp\/v2\/pages"}],"about":[{"href":"https:\/\/www.aprilsoft.cz\/index.php?rest_route=\/wp\/v2\/types\/page"}],"author":[{"embeddable":true,"href":"https:\/\/www.aprilsoft.cz\/index.php?rest_route=\/wp\/v2\/users\/1"}],"replies":[{"embeddable":true,"href":"https:\/\/www.aprilsoft.cz\/index.php?rest_route=%2Fwp%2Fv2%2Fcomments&post=25"}],"version-history":[{"count":14,"href":"https:\/\/www.aprilsoft.cz\/index.php?rest_route=\/wp\/v2\/pages\/25\/revisions"}],"predecessor-version":[{"id":130,"href":"https:\/\/www.aprilsoft.cz\/index.php?rest_route=\/wp\/v2\/pages\/25\/revisions\/130"}],"wp:attachment":[{"href":"https:\/\/www.aprilsoft.cz\/index.php?rest_route=%2Fwp%2Fv2%2Fmedia&parent=25"}],"curies":[{"name":"wp","href":"https:\/\/api.w.org\/{rel}","templated":true}]}}