{"id":23,"date":"2020-02-23T22:02:09","date_gmt":"2020-02-23T22:02:09","guid":{"rendered":"http:\/\/www.aprilsoft.cz\/?page_id=23"},"modified":"2020-04-22T12:39:55","modified_gmt":"2020-04-22T11:39:55","slug":"o-nas","status":"publish","type":"page","link":"https:\/\/www.aprilsoft.cz\/","title":{"rendered":"O n\u00e1s"},"content":{"rendered":"\n<p>Na\u0161i kozultanti maj\u00ed v\u00edce ne\u017e 10 let zku\u0161enost\u00ed s technologiemi spole\u010dnosti Microsoft a poskytujeme komplexn\u00ed slu\u017eby v oboru IT \u2013 webov\u00e9 str\u00e1nky, po\u010d\u00edta\u010dov\u00e9 kurzy pro b\u011b\u017en\u00e9 u\u017eivatele i po\u010d\u00edta\u010dov\u00e9 profesion\u00e1ly, programov\u00e1n\u00ed aplikac\u00ed na platform\u011b PowerApps a odborn\u00e9 konzultace. <br><br>Prim\u00e1rn\u011b se jedn\u00e1 o Microsoft Dynamics 365 (CRM), Office 365, SharePoint Online, PowerApps, Teams, PowerBi, Power Automate (d\u0159\u00edve zn\u00e1m\u00e9 jako Microsoft Flow) nebo t\u0159eba nejnov\u011bj\u0161\u00ed technologii v podob\u011b PowerVirtual Agents. <br><br>Webov\u00e9 str\u00e1nky vytv\u00e1\u0159\u00edme na m\u00edru podle Va\u0161ich po\u017eadavk\u016f. Sta\u010d\u00ed m\u00edt p\u0159edstavu o\u00a0va\u0161em budouc\u00edm responzivn\u00edmu designu webu a v\u0161e ostatn\u00ed p\u0159iprav\u00edme my. Na z\u00e1klad\u011b z\u00edskan\u00fdch informac\u00ed vypracujeme grafick\u00fd n\u00e1vrh a pust\u00edme se do tvorby webov\u00fdch str\u00e1nek. <\/p>\n\n\n\n<p>Na\u0161\u00ed filozofi\u00ed je profesionalita a odbornost na\u0161ich konzultant\u016f,  dodr\u017eov\u00e1n\u00ed smluven\u00fdch term\u00edn\u016f, orientace na p\u0159\u00e1n\u00ed z\u00e1kazn\u00edka a dobr\u00e1  relace mezi kvalitou a cenou n\u00e1mi nab\u00edzen\u00fdch produkt\u016f a slu\u017eeb.   <\/p>\n","protected":false},"excerpt":{"rendered":"<p>Na\u0161i kozultanti maj\u00ed v\u00edce ne\u017e 10 let zku\u0161enost\u00ed s technologiemi spole\u010dnosti Microsoft a poskytujeme komplexn\u00ed slu\u017eby v oboru IT \u2013 webov\u00e9 str\u00e1nky, po\u010d\u00edta\u010dov\u00e9 kurzy pro b\u011b\u017en\u00e9 u\u017eivatele i po\u010d\u00edta\u010dov\u00e9 profesion\u00e1ly, programov\u00e1n\u00ed aplikac\u00ed na platform\u011b PowerApps a odborn\u00e9 konzultace. Prim\u00e1rn\u011b se jedn\u00e1 o Microsoft Dynamics 365 (CRM), Office 365, SharePoint Online, PowerApps, Teams, PowerBi, Power Automate &hellip; <a href=\"https:\/\/www.aprilsoft.cz\/\" class=\"more-link\">Pokra\u010dovat ve \u010dten\u00ed<span class=\"screen-reader-text\"> &#8222;O n\u00e1s&#8220;<\/span><\/a><\/p>\n","protected":false},"author":1,"featured_media":0,"parent":0,"menu_order":0,"comment_status":"closed","ping_status":"closed","template":"","meta":[],"_links":{"self":[{"href":"https:\/\/www.aprilsoft.cz\/index.php?rest_route=\/wp\/v2\/pages\/23"}],"collection":[{"href":"https:\/\/www.aprilsoft.cz\/index.php?rest_route=\/wp\/v2\/pages"}],"about":[{"href":"https:\/\/www.aprilsoft.cz\/index.php?rest_route=\/wp\/v2\/types\/page"}],"author":[{"embeddable":true,"href":"https:\/\/www.aprilsoft.cz\/index.php?rest_route=\/wp\/v2\/users\/1"}],"replies":[{"embeddable":true,"href":"https:\/\/www.aprilsoft.cz\/index.php?rest_route=%2Fwp%2Fv2%2Fcomments&post=23"}],"version-history":[{"count":11,"href":"https:\/\/www.aprilsoft.cz\/index.php?rest_route=\/wp\/v2\/pages\/23\/revisions"}],"predecessor-version":[{"id":140,"href":"https:\/\/www.aprilsoft.cz\/index.php?rest_route=\/wp\/v2\/pages\/23\/revisions\/140"}],"wp:attachment":[{"href":"https:\/\/www.aprilsoft.cz\/index.php?rest_route=%2Fwp%2Fv2%2Fmedia&parent=23"}],"curies":[{"name":"wp","href":"https:\/\/api.w.org\/{rel}","templated":true}]}}